{"id":27699,"date":"2025-10-23T12:21:22","date_gmt":"2025-10-23T12:21:22","guid":{"rendered":"https:\/\/nasha.octalsystems.io\/?post_type=product&#038;p=27699"},"modified":"2026-01-12T11:27:31","modified_gmt":"2026-01-12T11:27:31","slug":"riga-gold-smoked-sprats-pate-240gm","status":"publish","type":"product","link":"https:\/\/nasha.octalsystems.io\/en\/product\/riga-gold-smoked-sprats-pate-240gm\/","title":{"rendered":"RIGA GOLD SMOKED SPRATS PATE 240GM"},"content":{"rendered":"<h3 class=\"pro_desc_tt\">About Product<\/h3>\n<p>Discover the rich, smoky flavor of the Baltic with Riga Gold Smoked Sprats P\u00e2t\u00e9. Made from finely blended, high-quality smoked sprats, this creamy p\u00e2t\u00e9 delivers a bold and savory taste, perfect for spreading on toast, crackers, or sandwiches.<\/p>\n<p>Crafted using traditional Latvian smoking techniques and seasoned to perfection, this 240g p\u00e2t\u00e9 is a delicious and convenient gourmet snack \u2014 high in protein and Omega-3 fatty acids, with no artificial preservatives.<\/p>","protected":false},"excerpt":{"rendered":"<p>About Product Discover the rich, smoky flavor of the Baltic with Riga Gold Smoked Sprats P\u00e2t\u00e9. Made from finely blended,<\/p>","protected":false},"featured_media":27700,"template":"","meta":[],"product_brand":[],"product_cat":[292,317,88,89,71],"product_tag":[],"class_list":{"0":"post-27699","1":"product","2":"type-product","3":"status-publish","4":"has-post-thumbnail","6":"product_cat-brand-riga-gold","7":"product_cat-brands","8":"product_cat-can-jar-foods","9":"product_cat-canned-fish","10":"product_cat-grocery","12":"first","13":"instock","14":"taxable","15":"shipping-taxable","16":"purchasable","17":"product-type-simple"},"jetpack_sharing_enabled":true,"_links":{"self":[{"href":"https:\/\/nasha.octalsystems.io\/en\/wp-json\/wp\/v2\/product\/27699","targetHints":{"allow":["GET"]}}],"collection":[{"href":"https:\/\/nasha.octalsystems.io\/en\/wp-json\/wp\/v2\/product"}],"about":[{"href":"https:\/\/nasha.octalsystems.io\/en\/wp-json\/wp\/v2\/types\/product"}],"version-history":[{"count":1,"href":"https:\/\/nasha.octalsystems.io\/en\/wp-json\/wp\/v2\/product\/27699\/revisions"}],"predecessor-version":[{"id":27701,"href":"https:\/\/nasha.octalsystems.io\/en\/wp-json\/wp\/v2\/product\/27699\/revisions\/27701"}],"wp:featuredmedia":[{"embeddable":true,"href":"https:\/\/nasha.octalsystems.io\/en\/wp-json\/wp\/v2\/media\/27700"}],"wp:attachment":[{"href":"https:\/\/nasha.octalsystems.io\/en\/wp-json\/wp\/v2\/media?parent=27699"}],"wp:term":[{"taxonomy":"product_brand","embeddable":true,"href":"https:\/\/nasha.octalsystems.io\/en\/wp-json\/wp\/v2\/product_brand?post=27699"},{"taxonomy":"product_cat","embeddable":true,"href":"https:\/\/nasha.octalsystems.io\/en\/wp-json\/wp\/v2\/product_cat?post=27699"},{"taxonomy":"product_tag","embeddable":true,"href":"https:\/\/nasha.octalsystems.io\/en\/wp-json\/wp\/v2\/product_tag?post=27699"}],"curies":[{"name":"wp","href":"https:\/\/api.w.org\/{rel}","templated":true}]}}